{"id":53,"date":"2025-02-16T15:32:04","date_gmt":"2025-02-16T14:32:04","guid":{"rendered":"https:\/\/cloudigens.com\/?page_id=53"},"modified":"2025-02-17T17:58:35","modified_gmt":"2025-02-17T16:58:35","slug":"nasze-uslugi-2","status":"publish","type":"page","link":"https:\/\/cloudigens.com\/?page_id=53","title":{"rendered":"Nasze us\u0142ugi"},"content":{"rendered":"\n<figure class=\"wp-block-image size-full\"><img loading=\"lazy\" decoding=\"async\" width=\"1024\" height=\"1024\" src=\"https:\/\/cloudigens.com\/wp-content\/uploads\/dokumenty2.png\" alt=\"\" class=\"wp-image-181\" srcset=\"https:\/\/cloudigens.com\/wp-content\/uploads\/dokumenty2.png 1024w, https:\/\/cloudigens.com\/wp-content\/uploads\/dokumenty2-300x300.png 300w, https:\/\/cloudigens.com\/wp-content\/uploads\/dokumenty2-150x150.png 150w, https:\/\/cloudigens.com\/wp-content\/uploads\/dokumenty2-768x768.png 768w\" sizes=\"auto, (max-width: 1024px) 100vw, 1024px\" \/><\/figure>\n\n\n\n<p>INDYWIDUALNA DOKUMENTACJA OCHRONY DANYCH OSOBOWYCH<\/p>\n\n\n\n<p>Przygotowanie kompleksowe wymaganej dokumentacji w zakresie ochrony danych osobowych specjalnie dla Twojej firmy poprzedzone audytem<\/p>\n\n\n\n<figure class=\"wp-block-image size-full\"><img loading=\"lazy\" decoding=\"async\" width=\"1024\" height=\"1024\" src=\"https:\/\/cloudigens.com\/wp-content\/uploads\/dokumenty3-1.png\" alt=\"\" class=\"wp-image-191\" srcset=\"https:\/\/cloudigens.com\/wp-content\/uploads\/dokumenty3-1.png 1024w, https:\/\/cloudigens.com\/wp-content\/uploads\/dokumenty3-1-300x300.png 300w, https:\/\/cloudigens.com\/wp-content\/uploads\/dokumenty3-1-150x150.png 150w, https:\/\/cloudigens.com\/wp-content\/uploads\/dokumenty3-1-768x768.png 768w\" sizes=\"auto, (max-width: 1024px) 100vw, 1024px\" \/><\/figure>\n\n\n\n<p>WZORY DOKUMENTACJI OCHRONY DANYCH OSOBOWYCH<\/p>\n\n\n\n<p>Gotowe wzory dokumentacji, kt\u00f3re samodzielnie dostosujesz do swojej firmy<\/p>\n\n\n\n<figure class=\"wp-block-image size-full\"><img loading=\"lazy\" decoding=\"async\" width=\"1024\" height=\"1024\" src=\"https:\/\/cloudigens.com\/wp-content\/uploads\/dokumenty4-1.png\" alt=\"\" class=\"wp-image-190\" srcset=\"https:\/\/cloudigens.com\/wp-content\/uploads\/dokumenty4-1.png 1024w, https:\/\/cloudigens.com\/wp-content\/uploads\/dokumenty4-1-300x300.png 300w, https:\/\/cloudigens.com\/wp-content\/uploads\/dokumenty4-1-150x150.png 150w, https:\/\/cloudigens.com\/wp-content\/uploads\/dokumenty4-1-768x768.png 768w\" sizes=\"auto, (max-width: 1024px) 100vw, 1024px\" \/><\/figure>\n\n\n\n<p>DOKUMENTACJA BEZPIECZE\u0143STWA INFORMACJI<\/p>\n\n\n\n<p>Przygotowanie kompleksowe wymaganej dokumentacji bezpiecze\u0144stwa informacji dla Twojej firmy wed\u0142ug normy PN-EN ISO\/IEC 27001<\/p>\n\n\n\n<figure class=\"wp-block-image size-full\"><img loading=\"lazy\" decoding=\"async\" width=\"700\" height=\"700\" src=\"https:\/\/cloudigens.com\/wp-content\/uploads\/odo6-1.png\" alt=\"\" class=\"wp-image-189\" srcset=\"https:\/\/cloudigens.com\/wp-content\/uploads\/odo6-1.png 700w, https:\/\/cloudigens.com\/wp-content\/uploads\/odo6-1-300x300.png 300w, https:\/\/cloudigens.com\/wp-content\/uploads\/odo6-1-150x150.png 150w\" sizes=\"auto, (max-width: 700px) 100vw, 700px\" \/><\/figure>\n\n\n\n<p>AUDYT OCHRONY DANYCH OSOBOWYCH<\/p>\n\n\n\n<p>Przeprowadzenie audytu ochrony danych osobowych wed\u0142ug obowi\u0105zuj\u0105cych przepis\u00f3w<\/p>\n\n\n\n<figure class=\"wp-block-image size-full\"><img loading=\"lazy\" decoding=\"async\" width=\"700\" height=\"700\" src=\"https:\/\/cloudigens.com\/wp-content\/uploads\/odo3-1.png\" alt=\"\" class=\"wp-image-188\" srcset=\"https:\/\/cloudigens.com\/wp-content\/uploads\/odo3-1.png 700w, https:\/\/cloudigens.com\/wp-content\/uploads\/odo3-1-300x300.png 300w, https:\/\/cloudigens.com\/wp-content\/uploads\/odo3-1-150x150.png 150w\" sizes=\"auto, (max-width: 700px) 100vw, 700px\" \/><\/figure>\n\n\n\n<p>AUDYT KRI<\/p>\n\n\n\n<p>Przeprowadzenie bezpiecze\u0144stwa informacji zgodnie z Krajowymi Ramami Interoperacyjno\u015bci<\/p>\n\n\n\n<figure class=\"wp-block-image size-full\"><img loading=\"lazy\" decoding=\"async\" width=\"1024\" height=\"1024\" src=\"https:\/\/cloudigens.com\/wp-content\/uploads\/odcisk7-1.png\" alt=\"\" class=\"wp-image-187\" srcset=\"https:\/\/cloudigens.com\/wp-content\/uploads\/odcisk7-1.png 1024w, https:\/\/cloudigens.com\/wp-content\/uploads\/odcisk7-1-300x300.png 300w, https:\/\/cloudigens.com\/wp-content\/uploads\/odcisk7-1-150x150.png 150w, https:\/\/cloudigens.com\/wp-content\/uploads\/odcisk7-1-768x768.png 768w\" sizes=\"auto, (max-width: 1024px) 100vw, 1024px\" \/><\/figure>\n\n\n\n<p>AUDYT BEZPIECZE\u0143STWA INFORMACJI<\/p>\n\n\n\n<p>Przeprowadzenie kompleksowego audytu bezpiecze\u0144stwa informacji wed\u0142ug normy PN-EN ISO\/IEC 27001<\/p>\n","protected":false},"excerpt":{"rendered":"<p>INDYWIDUALNA DOKUMENTACJA OCHRONY DANYCH OSOBOWYCH Przygotowanie kompleksowe wymaganej dokumentacji w zakresie ochrony danych osobowych specjalnie dla Twojej firmy poprzedzone audytem WZORY DOKUMENTACJI OCHRONY DANYCH OSOBOWYCH Gotowe wzory dokumentacji, kt\u00f3re samodzielnie dostosujesz do swojej firmy DOKUMENTACJA BEZPIECZE\u0143STWA INFORMACJI Przygotowanie kompleksowe wymaganej dokumentacji bezpiecze\u0144stwa informacji dla Twojej firmy wed\u0142ug normy PN-EN ISO\/IEC 27001 AUDYT OCHRONY DANYCH OSOBOWYCH [&hellip;]<\/p>\n","protected":false},"author":1,"featured_media":0,"parent":0,"menu_order":0,"comment_status":"closed","ping_status":"closed","template":"","meta":{"footnotes":""},"class_list":["post-53","page","type-page","status-publish","hentry"],"_links":{"self":[{"href":"https:\/\/cloudigens.com\/index.php?rest_route=\/wp\/v2\/pages\/53","targetHints":{"allow":["GET"]}}],"collection":[{"href":"https:\/\/cloudigens.com\/index.php?rest_route=\/wp\/v2\/pages"}],"about":[{"href":"https:\/\/cloudigens.com\/index.php?rest_route=\/wp\/v2\/types\/page"}],"author":[{"embeddable":true,"href":"https:\/\/cloudigens.com\/index.php?rest_route=\/wp\/v2\/users\/1"}],"replies":[{"embeddable":true,"href":"https:\/\/cloudigens.com\/index.php?rest_route=%2Fwp%2Fv2%2Fcomments&post=53"}],"version-history":[{"count":2,"href":"https:\/\/cloudigens.com\/index.php?rest_route=\/wp\/v2\/pages\/53\/revisions"}],"predecessor-version":[{"id":192,"href":"https:\/\/cloudigens.com\/index.php?rest_route=\/wp\/v2\/pages\/53\/revisions\/192"}],"wp:attachment":[{"href":"https:\/\/cloudigens.com\/index.php?rest_route=%2Fwp%2Fv2%2Fmedia&parent=53"}],"curies":[{"name":"wp","href":"https:\/\/api.w.org\/{rel}","templated":true}]}}