{"id":158,"date":"2025-02-16T15:40:53","date_gmt":"2025-02-16T14:40:53","guid":{"rendered":"https:\/\/cloudigens.com\/?page_id=158"},"modified":"2025-02-17T18:07:26","modified_gmt":"2025-02-17T17:07:26","slug":"kontakt","status":"publish","type":"page","link":"https:\/\/cloudigens.com\/?page_id=158","title":{"rendered":"Kontakt"},"content":{"rendered":"\n<p>SKONTAKTUJ SI\u0118 Z NAMI<\/p>\n\n\n\n<figure class=\"wp-block-image size-full\"><img loading=\"lazy\" decoding=\"async\" width=\"89\" height=\"74\" src=\"https:\/\/cloudigens.com\/wp-content\/uploads\/adres.png\" alt=\"\" class=\"wp-image-195\"\/><\/figure>\n\n\n\n<p>ADRES<\/p>\n\n\n\n<p>Cloudigens Sp. z o.o.<br>ul. Warszawska 40\/2A<br>40-008 Katowice<\/p>\n\n\n\n<p>NIP:9542876443, REGON:529656805, KRS:0001126519<br>S\u0104D REJONOWY KATOWICE &#8211; WSCH\u00d3D W KATOWICACH,<br>VIII WYDZIA\u0141 GOSPODARCZY KRAJOWEGO REJESTRU S\u0104DOWEGO<\/p>\n\n\n\n<p>ADRES E-MAIL<\/p>\n\n\n\n<figure class=\"wp-block-image size-full\"><img loading=\"lazy\" decoding=\"async\" width=\"82\" height=\"69\" src=\"https:\/\/cloudigens.com\/wp-content\/uploads\/mail.png\" alt=\"\" class=\"wp-image-196\"\/><\/figure>\n\n\n\n<p>biuro@cloudigens.com<\/p>\n\n\n\n<p>NR TELEFONU<\/p>\n\n\n\n<figure class=\"wp-block-image size-full\"><img loading=\"lazy\" decoding=\"async\" width=\"82\" height=\"81\" src=\"https:\/\/cloudigens.com\/wp-content\/uploads\/teelefon.png\" alt=\"\" class=\"wp-image-198\"\/><\/figure>\n\n\n\n<p>(0048) 572 588 322<\/p>\n","protected":false},"excerpt":{"rendered":"<p>SKONTAKTUJ SI\u0118 Z NAMI ADRES Cloudigens Sp. z o.o.ul. Warszawska 40\/2A40-008 Katowice NIP:9542876443, REGON:529656805, KRS:0001126519S\u0104D REJONOWY KATOWICE &#8211; WSCH\u00d3D W KATOWICACH,VIII WYDZIA\u0141 GOSPODARCZY KRAJOWEGO REJESTRU S\u0104DOWEGO ADRES E-MAIL biuro@cloudigens.com NR TELEFONU (0048) 572 588 322<\/p>\n","protected":false},"author":1,"featured_media":0,"parent":0,"menu_order":0,"comment_status":"closed","ping_status":"closed","template":"","meta":{"footnotes":""},"class_list":["post-158","page","type-page","status-publish","hentry"],"_links":{"self":[{"href":"https:\/\/cloudigens.com\/index.php?rest_route=\/wp\/v2\/pages\/158","targetHints":{"allow":["GET"]}}],"collection":[{"href":"https:\/\/cloudigens.com\/index.php?rest_route=\/wp\/v2\/pages"}],"about":[{"href":"https:\/\/cloudigens.com\/index.php?rest_route=\/wp\/v2\/types\/page"}],"author":[{"embeddable":true,"href":"https:\/\/cloudigens.com\/index.php?rest_route=\/wp\/v2\/users\/1"}],"replies":[{"embeddable":true,"href":"https:\/\/cloudigens.com\/index.php?rest_route=%2Fwp%2Fv2%2Fcomments&post=158"}],"version-history":[{"count":16,"href":"https:\/\/cloudigens.com\/index.php?rest_route=\/wp\/v2\/pages\/158\/revisions"}],"predecessor-version":[{"id":199,"href":"https:\/\/cloudigens.com\/index.php?rest_route=\/wp\/v2\/pages\/158\/revisions\/199"}],"wp:attachment":[{"href":"https:\/\/cloudigens.com\/index.php?rest_route=%2Fwp%2Fv2%2Fmedia&parent=158"}],"curies":[{"name":"wp","href":"https:\/\/api.w.org\/{rel}","templated":true}]}}